{"id":4770,"date":"2020-08-20T12:40:52","date_gmt":"2020-08-20T15:40:52","guid":{"rendered":"http:\/\/crifecorretoradeseguros.com.br\/?page_id=4770"},"modified":"2020-10-19T13:53:42","modified_gmt":"2020-10-19T16:53:42","slug":"saude","status":"publish","type":"page","link":"https:\/\/crifecorretoradeseguros.com.br\/?page_id=4770","title":{"rendered":"SA\u00daDE"},"content":{"rendered":"\t\t<div data-elementor-type=\"wp-post\" data-elementor-id=\"4770\" class=\"elementor elementor-4770\" data-elementor-settings=\"[]\">\n\t\t\t<div class=\"elementor-inner\">\n\t\t\t\t<div class=\"elementor-section-wrap\">\n\t\t\t\t\t\t\t<section class=\"elementor-element elementor-element-176f348e elementor-section-content-middle mobile-left elementor-section-boxed elementor-section-height-default elementor-section-height-default elementor-section elementor-inner-section\" data-id=\"176f348e\" data-element_type=\"section\" data-settings=\"{&quot;background_background&quot;:&quot;classic&quot;}\">\n\t\t\t\t\t\t<div class=\"elementor-container elementor-column-gap-no\">\n\t\t\t\t<div class=\"elementor-row\">\n\t\t\t\t<div class=\"elementor-element elementor-element-6fa1c527 elementor-column elementor-col-50 elementor-inner-column\" data-id=\"6fa1c527\" data-element_type=\"column\">\n\t\t\t<div class=\"elementor-column-wrap  elementor-element-populated\">\n\t\t\t\t\t<div class=\"elementor-widget-wrap\">\n\t\t\t\t<div class=\"elementor-element elementor-element-7e2e98a5 elementor-widget elementor-widget-elementskit-heading\" data-id=\"7e2e98a5\" data-element_type=\"widget\" data-widget_type=\"elementskit-heading.default\">\n\t\t\t\t<div class=\"elementor-widget-container\">\n\t\t\t<div class=\"ekit-wid-con\" ><div class=\"elementskit-section-title-wraper text_right   ekit_heading_tablet-   ekit_heading_mobile-\"><h2 class=\"elementskit-section-title \">\n\t\t\t\t\tSEGURO DE SA\u00daDE\n\t\t\t\t<\/h2><div class=\"ekit_heading_separetor_wraper ekit_heading_elementskit-border-divider elementskit-style-long\"><div class=\"elementskit-border-divider elementskit-style-long\"><\/div><\/div><\/div><\/div>\t\t<\/div>\n\t\t\t\t<\/div>\n\t\t\t\t\t\t<\/div>\n\t\t\t<\/div>\n\t\t<\/div>\n\t\t\t\t<div class=\"elementor-element elementor-element-1ac7888d elementor-column elementor-col-50 elementor-inner-column\" data-id=\"1ac7888d\" data-element_type=\"column\">\n\t\t\t<div class=\"elementor-column-wrap  elementor-element-populated\">\n\t\t\t\t\t<div class=\"elementor-widget-wrap\">\n\t\t\t\t<div class=\"elementor-element elementor-element-70b1e85b elementor-widget elementor-widget-elementskit-heading\" data-id=\"70b1e85b\" data-element_type=\"widget\" data-widget_type=\"elementskit-heading.default\">\n\t\t\t\t<div class=\"elementor-widget-container\">\n\t\t\t<div class=\"ekit-wid-con\" ><div class=\"elementskit-section-title-wraper text_left   ekit_heading_tablet-   ekit_heading_mobile-\"><p>Quando nos sentimos bem, saud\u00e1veis e dispostos, tudo o mais pode ser conquistado.<\/p>\n<\/div><\/div>\t\t<\/div>\n\t\t\t\t<\/div>\n\t\t\t\t\t\t<\/div>\n\t\t\t<\/div>\n\t\t<\/div>\n\t\t\t\t\t\t<\/div>\n\t\t\t<\/div>\n\t\t<\/section>\n\t\t\t\t<section class=\"elementor-element elementor-element-6e89a0e6 elementor-section-boxed elementor-section-height-default elementor-section-height-default elementor-section elementor-top-section\" data-id=\"6e89a0e6\" data-element_type=\"section\">\n\t\t\t\t\t\t<div class=\"elementor-container elementor-column-gap-default\">\n\t\t\t\t<div class=\"elementor-row\">\n\t\t\t\t<div class=\"elementor-element elementor-element-28da1256 elementor-column elementor-col-100 elementor-top-column\" data-id=\"28da1256\" data-element_type=\"column\">\n\t\t\t<div class=\"elementor-column-wrap  elementor-element-populated\">\n\t\t\t\t\t<div class=\"elementor-widget-wrap\">\n\t\t\t\t<div class=\"elementor-element elementor-element-1b5fd005 elementor-widget elementor-widget-image\" data-id=\"1b5fd005\" data-element_type=\"widget\" data-widget_type=\"image.default\">\n\t\t\t\t<div class=\"elementor-widget-container\">\n\t\t\t\t\t<div class=\"elementor-image\">\n\t\t\t\t\t\t\t\t\t\t<img loading=\"lazy\" decoding=\"async\" width=\"1110\" height=\"411\" src=\"https:\/\/crifecorretoradeseguros.com.br\/wp-content\/uploads\/2020\/08\/saude.jpg\" class=\"attachment-full size-full\" alt=\"\" srcset=\"https:\/\/crifecorretoradeseguros.com.br\/wp-content\/uploads\/2020\/08\/saude.jpg 1110w, https:\/\/crifecorretoradeseguros.com.br\/wp-content\/uploads\/2020\/08\/saude-300x111.jpg 300w, https:\/\/crifecorretoradeseguros.com.br\/wp-content\/uploads\/2020\/08\/saude-1024x379.jpg 1024w, https:\/\/crifecorretoradeseguros.com.br\/wp-content\/uploads\/2020\/08\/saude-768x284.jpg 768w\" sizes=\"(max-width: 1110px) 100vw, 1110px\" \/>\t\t\t\t\t\t\t\t\t\t\t<\/div>\n\t\t\t\t<\/div>\n\t\t\t\t<\/div>\n\t\t\t\t\t\t<\/div>\n\t\t\t<\/div>\n\t\t<\/div>\n\t\t\t\t\t\t<\/div>\n\t\t\t<\/div>\n\t\t<\/section>\n\t\t\t\t<section class=\"elementor-element elementor-element-32fb1eda cta elementor-section-boxed elementor-section-height-default elementor-section-height-default elementor-section elementor-top-section\" data-id=\"32fb1eda\" data-element_type=\"section\">\n\t\t\t\t\t\t<div class=\"elementor-container elementor-column-gap-default\">\n\t\t\t\t<div class=\"elementor-row\">\n\t\t\t\t<div class=\"elementor-element elementor-element-54e6ed5c elementor-column elementor-col-100 elementor-top-column\" data-id=\"54e6ed5c\" data-element_type=\"column\" data-settings=\"{&quot;background_background&quot;:&quot;classic&quot;}\">\n\t\t\t<div class=\"elementor-column-wrap  elementor-element-populated\">\n\t\t\t\t\t\t\t<div class=\"elementor-background-overlay\"><\/div>\n\t\t\t\t\t<div class=\"elementor-widget-wrap\">\n\t\t\t\t<section class=\"elementor-element elementor-element-488678af elementor-section-boxed elementor-section-height-default elementor-section-height-default elementor-section elementor-inner-section\" data-id=\"488678af\" data-element_type=\"section\">\n\t\t\t\t\t\t<div class=\"elementor-container elementor-column-gap-default\">\n\t\t\t\t<div class=\"elementor-row\">\n\t\t\t\t<div class=\"elementor-element elementor-element-2eb83aa9 elementor-column elementor-col-50 elementor-inner-column\" data-id=\"2eb83aa9\" data-element_type=\"column\">\n\t\t\t<div class=\"elementor-column-wrap  elementor-element-populated\">\n\t\t\t\t\t<div class=\"elementor-widget-wrap\">\n\t\t\t\t<div class=\"elementor-element elementor-element-5a25770a elementor-widget elementor-widget-elementskit-heading\" data-id=\"5a25770a\" data-element_type=\"widget\" data-widget_type=\"elementskit-heading.default\">\n\t\t\t\t<div class=\"elementor-widget-container\">\n\t\t\t<div class=\"ekit-wid-con\" ><div class=\"elementskit-section-title-wraper text_left   ekit_heading_tablet-   ekit_heading_mobile-\"><h2 class=\"elementskit-section-title \">\n\t\t\t\t\tSOLICITE UMA SIMULA\u00c7\u00c3O E DESCUBRA COMO FUNCIONA\n\t\t\t\t<\/h2><\/div><\/div>\t\t<\/div>\n\t\t\t\t<\/div>\n\t\t\t\t\t\t<\/div>\n\t\t\t<\/div>\n\t\t<\/div>\n\t\t\t\t<div class=\"elementor-element elementor-element-17f59745 elementor-column elementor-col-50 elementor-inner-column\" data-id=\"17f59745\" data-element_type=\"column\">\n\t\t\t<div class=\"elementor-column-wrap  elementor-element-populated\">\n\t\t\t\t\t<div class=\"elementor-widget-wrap\">\n\t\t\t\t<div class=\"elementor-element elementor-element-527083f1 elementor-widget elementor-widget-elementskit-button\" data-id=\"527083f1\" data-element_type=\"widget\" data-widget_type=\"elementskit-button.default\">\n\t\t\t\t<div class=\"elementor-widget-container\">\n\t\t\t<div class=\"ekit-wid-con\" >\t\t<div class=\"ekit-btn-wraper\">\n\t\t\t\t\t\t\t<a href=\"https:\/\/api.whatsapp.com\/send?1=pt_BR&#038;phone=5544999770041\" target=\"_blank\" rel=\"nofollow\" class=\"elementskit-btn \" >\n\t\t\t\t\t\n\t\t\t\t\t<i aria-hidden=\"true\" class=\"icon icon-magnifying-glass-search\"><\/i>\n\t\t\t\t\tCOTE AQUI\t\t\t\t<\/a>\n\t\t\t\t\t\t<\/div>\n        <\/div>\t\t<\/div>\n\t\t\t\t<\/div>\n\t\t\t\t\t\t<\/div>\n\t\t\t<\/div>\n\t\t<\/div>\n\t\t\t\t\t\t<\/div>\n\t\t\t<\/div>\n\t\t<\/section>\n\t\t\t\t\t\t<\/div>\n\t\t\t<\/div>\n\t\t<\/div>\n\t\t\t\t\t\t<\/div>\n\t\t\t<\/div>\n\t\t<\/section>\n\t\t\t\t<section class=\"elementor-element elementor-element-c4ddcad elementor-section-content-middle elementor-section-boxed elementor-section-height-default elementor-section-height-default elementor-section elementor-top-section\" data-id=\"c4ddcad\" data-element_type=\"section\" data-settings=\"{&quot;background_background&quot;:&quot;classic&quot;}\">\n\t\t\t\t\t\t\t<div class=\"elementor-background-overlay\"><\/div>\n\t\t\t\t\t\t\t<div class=\"elementor-container elementor-column-gap-default\">\n\t\t\t\t<div class=\"elementor-row\">\n\t\t\t\t<div class=\"elementor-element elementor-element-81d9add elementor-column elementor-col-100 elementor-top-column\" data-id=\"81d9add\" data-element_type=\"column\">\n\t\t\t<div class=\"elementor-column-wrap  elementor-element-populated\">\n\t\t\t\t\t<div class=\"elementor-widget-wrap\">\n\t\t\t\t<div class=\"elementor-element elementor-element-af062e8 elementor-widget elementor-widget-heading\" data-id=\"af062e8\" data-element_type=\"widget\" data-widget_type=\"heading.default\">\n\t\t\t\t<div class=\"elementor-widget-container\">\n\t\t\t<h2 class=\"elementor-heading-title elementor-size-default\">A sa\u00fade de sua fam\u00edlia e de seus funcion\u00e1rios COM quem \u00e9 especialista!<\/h2>\t\t<\/div>\n\t\t\t\t<\/div>\n\t\t\t\t<div class=\"elementor-element elementor-element-2d6d314 elementor-widget elementor-widget-text-editor\" data-id=\"2d6d314\" data-element_type=\"widget\" data-widget_type=\"text-editor.default\">\n\t\t\t\t<div class=\"elementor-widget-container\">\n\t\t\t\t\t<div class=\"elementor-text-editor elementor-clearfix\"><p>Temos larga experi\u00eancia no ramo e trabalhamos com as melhores companhias do mercado em planos e seguros sa\u00fade.<br>Uma delas tem o plano ideal para voc\u00ea.<\/p>\n<p><strong>Tipos de Contrata\u00e7\u00e3o:<\/strong><\/p>\n<p><strong>SA\u00daDE \u2013 INDIVIDUAL\/ FAMILIAR<\/strong><br>Os melhores planos de sa\u00fade, voc\u00ea encontra aqui. Trabalhamos com as melhores operadoras e seguradoras, que disponibilizam uma s\u00e9rie de planos diferenciados em coberturas, servi\u00e7os e abrang\u00eancia para contrata\u00e7\u00e3o individual e familiar, al\u00e9m dos planos especializamos para terceira idade.<\/p>\n<p><strong>SA\u00daDE \u2013 PME<\/strong><br>Planos de sa\u00fade com condi\u00e7\u00f5es especiais na contrata\u00e7\u00e3o atrav\u00e9s de seu CNPJ. A partir de 2 (duas) vidas, voc\u00ea j\u00e1 pode contratar um plano de sa\u00fade mais barato, com car\u00eancia reduzida e personalizado conforme a sua necessidade.<br>N\u00e3o importa o tamanho de seu neg\u00f3cio, nossos especialistas encontrar\u00e3o a melhor op\u00e7\u00e3o de contrata\u00e7\u00e3o, de acordo com a sua regi\u00e3o e prefer\u00eancias de atendimento.<\/p>\n<p><strong>SA\u00daDE \u2013 ADES\u00c3O<\/strong><br>Esta \u00e9 mais uma op\u00e7\u00e3o para voc\u00ea para voc\u00ea ter acesso a planos de sa\u00fade com qualidade e economia.<br>Os Planos coletivos por ades\u00e3o s\u00e3o uma modalidade de servi\u00e7o oferecida para grupos de pessoas, direcionados de acordo com a sua atividade, como profissionais liberais, servidores p\u00fablicos, profissionais do com\u00e9rcio, ind\u00fastria e servi\u00e7os, estudantes, entre outros, que sejam vinculadas a uma entidade de classe, como sindicatos e associa\u00e7\u00f5es. Esse tipo de contrata\u00e7\u00e3o permite que voc\u00ea adquira planos exclusivos at\u00e9 mesmo em seguradoras, sem precisar de CNPJ<\/p>\n<p><strong>SA\u00daDE \u2013 EMPRESARIAL<\/strong><br>Nossa consultoria garante atendimento exclusivo para empresas a partir de 100 vidas. Um plano de sa\u00fade bem elaborado, tende a oferecer prote\u00e7\u00e3o e tranquilidade para seus colaboradores. Oferecemos uma consultoria exclusiva, com contrata\u00e7\u00f5es totalmente personalizadas, permitindo alternativas desde coparticipa\u00e7\u00e3o, reembolso, valores per capita, at\u00e9 mesmo flexibilidade na rede de atendimento, podendo em um \u00fanico contrato disponibilizar diferentes categorias de planos, desde os cargos de chefia at\u00e9 os oper\u00e1rios de produ\u00e7\u00e3o, afinal, a sa\u00fade de seus funcion\u00e1rios \u00e9 \u00e0 for\u00e7a de sua empresa.<\/p><\/div>\n\t\t\t\t<\/div>\n\t\t\t\t<\/div>\n\t\t\t\t\t\t<\/div>\n\t\t\t<\/div>\n\t\t<\/div>\n\t\t\t\t\t\t<\/div>\n\t\t\t<\/div>\n\t\t<\/section>\n\t\t\t\t<section class=\"elementor-element elementor-element-68adc57e elementor-section-boxed elementor-section-height-default elementor-section-height-default elementor-section elementor-top-section\" data-id=\"68adc57e\" data-element_type=\"section\" data-settings=\"{&quot;background_background&quot;:&quot;classic&quot;}\">\n\t\t\t\t\t\t<div class=\"elementor-container elementor-column-gap-default\">\n\t\t\t\t<div class=\"elementor-row\">\n\t\t\t\t<div class=\"elementor-element elementor-element-674ff23a elementor-column elementor-col-50 elementor-top-column\" data-id=\"674ff23a\" data-element_type=\"column\">\n\t\t\t<div class=\"elementor-column-wrap  elementor-element-populated\">\n\t\t\t\t\t<div class=\"elementor-widget-wrap\">\n\t\t\t\t<div class=\"elementor-element elementor-element-152eebb6 elementor-widget elementor-widget-instive-cf-form\" data-id=\"152eebb6\" data-element_type=\"widget\" data-widget_type=\"instive-cf-form.default\">\n\t\t\t\t<div class=\"elementor-widget-container\">\n\t\t\t  \n        \n\n       <div class=\"ts-form-wrap ts-tab ts-form-wrap-home\">\n            <!-- Nav tabs -->\n            <ul class=\"nav nav-tabs\" role=\"tablist\">\n                              \n                    <li class=\"nav-item\">\n                       <a class=\"nav-link active\" data-toggle=\"tab\" href=\"#3584be5\" role=\"tab\" aria-selected=\"true\">cota\u00e7\u00e3o<\/a>\n                    <\/li>\n\n                            <\/ul>\n           \n            <div class=\"tab-content\">    \n            <!-- Tab panes -->\n                              \n                     <div class=\"tab-pane active\" id=\"3584be5\" role=\"tabpanel\">\n                        <p>Deixe seus dados e receba nosso contato<\/p>\n                           \n<div class=\"wpcf7 no-js\" id=\"wpcf7-f4320-o1\" lang=\"en-US\" dir=\"ltr\">\n<div class=\"screen-reader-response\"><p role=\"status\" aria-live=\"polite\" aria-atomic=\"true\"><\/p> <ul><\/ul><\/div>\n<form action=\"\/index.php?rest_route=%2Fwp%2Fv2%2Fpages%2F4770#wpcf7-f4320-o1\" method=\"post\" class=\"wpcf7-form init\" aria-label=\"Contact form\" novalidate=\"novalidate\" data-status=\"init\">\n<div style=\"display: none;\">\n<input type=\"hidden\" name=\"_wpcf7\" value=\"4320\" \/>\n<input type=\"hidden\" name=\"_wpcf7_version\" value=\"5.9.8\" \/>\n<input type=\"hidden\" name=\"_wpcf7_locale\" value=\"en_US\" \/>\n<input type=\"hidden\" name=\"_wpcf7_unit_tag\" value=\"wpcf7-f4320-o1\" \/>\n<input type=\"hidden\" name=\"_wpcf7_container_post\" value=\"0\" \/>\n<input type=\"hidden\" name=\"_wpcf7_posted_data_hash\" value=\"\" \/>\n<\/div>\n<p><span class=\"wpcf7-form-control-wrap\" data-name=\"instivename\"><input size=\"40\" maxlength=\"400\" class=\"wpcf7-form-control wpcf7-text wpcf7-validates-as-required\" aria-required=\"true\" aria-invalid=\"false\" placeholder=\"Nome\" value=\"\" type=\"text\" name=\"instivename\" \/><\/span><br \/>\n<span class=\"wpcf7-form-control-wrap instivephone\" style=\" margin-top: -26px; \"><i aria-hidden=\"true\" class=\"fas fa-phone-alt\" style=\"position: relative;\/* top: 0; *\/left: 22px;\/* font-family: 'ts-font' !important; *\/bottom: -36px;\/* padding: 12px 0px; *\/font-size: 15px;margin-bottom: -6px;z-index: 1;color: #7f99bb;\"><\/i><br \/>\n<span class=\"wpcf7-form-control-wrap\" data-name=\"instivephone\"><input size=\"40\" maxlength=\"400\" class=\"wpcf7-form-control wpcf7-tel wpcf7-validates-as-required wpcf7-text wpcf7-validates-as-tel\" aria-required=\"true\" aria-invalid=\"false\" placeholder=\"fone\" value=\"\" type=\"tel\" name=\"instivephone\" \/><\/span><\/span><br \/>\n<span class=\"wpcf7-form-control-wrap\" data-name=\"instivemail\"><input size=\"40\" maxlength=\"400\" class=\"wpcf7-form-control wpcf7-email wpcf7-validates-as-required wpcf7-text wpcf7-validates-as-email\" aria-required=\"true\" aria-invalid=\"false\" placeholder=\"Email\" value=\"\" type=\"email\" name=\"instivemail\" \/><\/span><br \/>\n<input class=\"wpcf7-form-control wpcf7-submit has-spinner btn ts-form-submit\" type=\"submit\" value=\"Enviar\" \/>\n<\/p><div class=\"wpcf7-response-output\" aria-hidden=\"true\"><\/div>\n<\/form>\n<\/div>\n    \n                     <\/div>\n                     \n                           <\/div>\n            \n      \n            \n            <!-- extra  content -->\n        <\/div>\n    \t\t<\/div>\n\t\t\t\t<\/div>\n\t\t\t\t\t\t<\/div>\n\t\t\t<\/div>\n\t\t<\/div>\n\t\t\t\t<div class=\"elementor-element elementor-element-57dd75c elementor-column elementor-col-50 elementor-top-column\" data-id=\"57dd75c\" data-element_type=\"column\">\n\t\t\t<div class=\"elementor-column-wrap  elementor-element-populated\">\n\t\t\t\t\t<div class=\"elementor-widget-wrap\">\n\t\t\t\t<div class=\"elementor-element elementor-element-b13be7e elementor-widget elementor-widget-image\" data-id=\"b13be7e\" data-element_type=\"widget\" data-widget_type=\"image.default\">\n\t\t\t\t<div class=\"elementor-widget-container\">\n\t\t\t\t\t<div class=\"elementor-image\">\n\t\t\t\t\t\t\t<figure class=\"wp-caption\">\n\t\t\t\t\t\t\t\t\t\t\t<a href=\"https:\/\/www.facebook.com\/CrifeCorretoraDeSeguros\/photos\/a.162506493931481\/897993923716064\">\n\t\t\t\t\t\t\t<img loading=\"lazy\" decoding=\"async\" width=\"800\" height=\"584\" src=\"https:\/\/crifecorretoradeseguros.com.br\/wp-content\/uploads\/2020\/10\/base-17.jpg\" class=\"attachment-full size-full\" alt=\"\" srcset=\"https:\/\/crifecorretoradeseguros.com.br\/wp-content\/uploads\/2020\/10\/base-17.jpg 800w, https:\/\/crifecorretoradeseguros.com.br\/wp-content\/uploads\/2020\/10\/base-17-300x219.jpg 300w, https:\/\/crifecorretoradeseguros.com.br\/wp-content\/uploads\/2020\/10\/base-17-768x561.jpg 768w\" sizes=\"(max-width: 800px) 100vw, 800px\" \/>\t\t\t\t\t\t\t\t<\/a>\n\t\t\t\t\t\t\t\t\t\t\t<figcaption class=\"widget-image-caption wp-caption-text\">Clique na imagem e saiba mais em nosso Facebook<\/figcaption>\n\t\t\t\t\t\t\t\t\t\t<\/figure>\n\t\t\t\t\t<\/div>\n\t\t\t\t<\/div>\n\t\t\t\t<\/div>\n\t\t\t\t\t\t<\/div>\n\t\t\t<\/div>\n\t\t<\/div>\n\t\t\t\t\t\t<\/div>\n\t\t\t<\/div>\n\t\t<\/section>\n\t\t\t\t<section class=\"elementor-element elementor-element-6518adb elementor-section-boxed elementor-section-height-default elementor-section-height-default elementor-section elementor-top-section\" data-id=\"6518adb\" data-element_type=\"section\">\n\t\t\t\t\t\t<div class=\"elementor-container elementor-column-gap-default\">\n\t\t\t\t<div class=\"elementor-row\">\n\t\t\t\t\t\t<\/div>\n\t\t\t<\/div>\n\t\t<\/section>\n\t\t\t\t\t\t<\/div>\n\t\t\t<\/div>\n\t\t<\/div>\n\t\t","protected":false},"excerpt":{"rendered":"<p>SEGURO DE SA\u00daDE Quando nos sentimos bem, saud\u00e1veis e dispostos, tudo o mais pode ser conquistado. SOLICITE UMA SIMULA\u00c7\u00c3O E DESCUBRA COMO FUNCIONA COTE AQUI A sa\u00fade de sua fam\u00edlia e de seus funcion\u00e1rios COM quem \u00e9 especialista! Temos larga experi\u00eancia no ramo e trabalhamos com as melhores companhias do mercado em planos e seguros [&hellip;]<\/p>\n","protected":false},"author":1,"featured_media":0,"parent":0,"menu_order":0,"comment_status":"closed","ping_status":"closed","template":"template\/full-width-template.php","meta":{"_joinchat":[],"footnotes":""},"class_list":["post-4770","page","type-page","status-publish","hentry"],"_links":{"self":[{"href":"https:\/\/crifecorretoradeseguros.com.br\/index.php?rest_route=\/wp\/v2\/pages\/4770"}],"collection":[{"href":"https:\/\/crifecorretoradeseguros.com.br\/index.php?rest_route=\/wp\/v2\/pages"}],"about":[{"href":"https:\/\/crifecorretoradeseguros.com.br\/index.php?rest_route=\/wp\/v2\/types\/page"}],"author":[{"embeddable":true,"href":"https:\/\/crifecorretoradeseguros.com.br\/index.php?rest_route=\/wp\/v2\/users\/1"}],"replies":[{"embeddable":true,"href":"https:\/\/crifecorretoradeseguros.com.br\/index.php?rest_route=%2Fwp%2Fv2%2Fcomments&post=4770"}],"version-history":[{"count":17,"href":"https:\/\/crifecorretoradeseguros.com.br\/index.php?rest_route=\/wp\/v2\/pages\/4770\/revisions"}],"predecessor-version":[{"id":5486,"href":"https:\/\/crifecorretoradeseguros.com.br\/index.php?rest_route=\/wp\/v2\/pages\/4770\/revisions\/5486"}],"wp:attachment":[{"href":"https:\/\/crifecorretoradeseguros.com.br\/index.php?rest_route=%2Fwp%2Fv2%2Fmedia&parent=4770"}],"curies":[{"name":"wp","href":"https:\/\/api.w.org\/{rel}","templated":true}]}}