{"id":5002,"date":"2020-08-22T18:03:07","date_gmt":"2020-08-22T21:03:07","guid":{"rendered":"http:\/\/crifecorretoradeseguros.com.br\/?page_id=5002"},"modified":"2020-11-23T18:52:14","modified_gmt":"2020-11-23T21:52:14","slug":"nautico","status":"publish","type":"page","link":"https:\/\/crifecorretoradeseguros.com.br\/?page_id=5002","title":{"rendered":"N\u00e1utico"},"content":{"rendered":"\t\t<div data-elementor-type=\"wp-post\" data-elementor-id=\"5002\" class=\"elementor elementor-5002\" data-elementor-settings=\"[]\">\n\t\t\t<div class=\"elementor-inner\">\n\t\t\t\t<div class=\"elementor-section-wrap\">\n\t\t\t\t\t\t\t<section class=\"elementor-element elementor-element-176f348e elementor-section-content-middle mobile-left elementor-section-boxed elementor-section-height-default elementor-section-height-default elementor-section elementor-inner-section\" data-id=\"176f348e\" data-element_type=\"section\" data-settings=\"{&quot;background_background&quot;:&quot;classic&quot;}\">\n\t\t\t\t\t\t<div class=\"elementor-container elementor-column-gap-no\">\n\t\t\t\t<div class=\"elementor-row\">\n\t\t\t\t<div class=\"elementor-element elementor-element-6fa1c527 elementor-column elementor-col-50 elementor-inner-column\" data-id=\"6fa1c527\" data-element_type=\"column\">\n\t\t\t<div class=\"elementor-column-wrap  elementor-element-populated\">\n\t\t\t\t\t<div class=\"elementor-widget-wrap\">\n\t\t\t\t<div class=\"elementor-element elementor-element-7e2e98a5 elementor-widget elementor-widget-elementskit-heading\" data-id=\"7e2e98a5\" data-element_type=\"widget\" data-widget_type=\"elementskit-heading.default\">\n\t\t\t\t<div class=\"elementor-widget-container\">\n\t\t\t<div class=\"ekit-wid-con\" ><div class=\"elementskit-section-title-wraper text_right   ekit_heading_tablet-   ekit_heading_mobile-\"><h2 class=\"elementskit-section-title \">\n\t\t\t\t\tSeguro<br>N\u00e1utico\n\t\t\t\t<\/h2><div class=\"ekit_heading_separetor_wraper ekit_heading_elementskit-border-divider elementskit-style-long\"><div class=\"elementskit-border-divider elementskit-style-long\"><\/div><\/div><\/div><\/div>\t\t<\/div>\n\t\t\t\t<\/div>\n\t\t\t\t\t\t<\/div>\n\t\t\t<\/div>\n\t\t<\/div>\n\t\t\t\t<div class=\"elementor-element elementor-element-1ac7888d elementor-column elementor-col-50 elementor-inner-column\" data-id=\"1ac7888d\" data-element_type=\"column\">\n\t\t\t<div class=\"elementor-column-wrap  elementor-element-populated\">\n\t\t\t\t\t<div class=\"elementor-widget-wrap\">\n\t\t\t\t<div class=\"elementor-element elementor-element-70b1e85b elementor-widget elementor-widget-elementskit-heading\" data-id=\"70b1e85b\" data-element_type=\"widget\" data-widget_type=\"elementskit-heading.default\">\n\t\t\t\t<div class=\"elementor-widget-container\">\n\t\t\t<div class=\"ekit-wid-con\" ><div class=\"elementskit-section-title-wraper text_left   ekit_heading_tablet-   ekit_heading_mobile-\"><p>Sua embarca\u00e7\u00e3o protegida no mar, lagos, lagoas em todo o Brasil.<\/p>\n<\/div><\/div>\t\t<\/div>\n\t\t\t\t<\/div>\n\t\t\t\t\t\t<\/div>\n\t\t\t<\/div>\n\t\t<\/div>\n\t\t\t\t\t\t<\/div>\n\t\t\t<\/div>\n\t\t<\/section>\n\t\t\t\t<section class=\"elementor-element elementor-element-6e89a0e6 elementor-section-boxed elementor-section-height-default elementor-section-height-default elementor-section elementor-top-section\" data-id=\"6e89a0e6\" data-element_type=\"section\">\n\t\t\t\t\t\t<div class=\"elementor-container elementor-column-gap-default\">\n\t\t\t\t<div class=\"elementor-row\">\n\t\t\t\t<div class=\"elementor-element elementor-element-28da1256 elementor-column elementor-col-100 elementor-top-column\" data-id=\"28da1256\" data-element_type=\"column\">\n\t\t\t<div class=\"elementor-column-wrap  elementor-element-populated\">\n\t\t\t\t\t<div class=\"elementor-widget-wrap\">\n\t\t\t\t<div class=\"elementor-element elementor-element-1b5fd005 elementor-widget elementor-widget-image\" data-id=\"1b5fd005\" data-element_type=\"widget\" data-widget_type=\"image.default\">\n\t\t\t\t<div class=\"elementor-widget-container\">\n\t\t\t\t\t<div class=\"elementor-image\">\n\t\t\t\t\t\t\t\t\t\t<img loading=\"lazy\" decoding=\"async\" width=\"1110\" height=\"411\" src=\"https:\/\/crifecorretoradeseguros.com.br\/wp-content\/uploads\/2020\/08\/nautico.jpg\" class=\"attachment-full size-full\" alt=\"\" srcset=\"https:\/\/crifecorretoradeseguros.com.br\/wp-content\/uploads\/2020\/08\/nautico.jpg 1110w, https:\/\/crifecorretoradeseguros.com.br\/wp-content\/uploads\/2020\/08\/nautico-300x111.jpg 300w, https:\/\/crifecorretoradeseguros.com.br\/wp-content\/uploads\/2020\/08\/nautico-1024x379.jpg 1024w, https:\/\/crifecorretoradeseguros.com.br\/wp-content\/uploads\/2020\/08\/nautico-768x284.jpg 768w\" sizes=\"(max-width: 1110px) 100vw, 1110px\" \/>\t\t\t\t\t\t\t\t\t\t\t<\/div>\n\t\t\t\t<\/div>\n\t\t\t\t<\/div>\n\t\t\t\t\t\t<\/div>\n\t\t\t<\/div>\n\t\t<\/div>\n\t\t\t\t\t\t<\/div>\n\t\t\t<\/div>\n\t\t<\/section>\n\t\t\t\t<section class=\"elementor-element elementor-element-32fb1eda cta elementor-section-boxed elementor-section-height-default elementor-section-height-default elementor-section elementor-top-section\" data-id=\"32fb1eda\" data-element_type=\"section\">\n\t\t\t\t\t\t<div class=\"elementor-container elementor-column-gap-default\">\n\t\t\t\t<div class=\"elementor-row\">\n\t\t\t\t<div class=\"elementor-element elementor-element-54e6ed5c elementor-column elementor-col-100 elementor-top-column\" data-id=\"54e6ed5c\" data-element_type=\"column\" data-settings=\"{&quot;background_background&quot;:&quot;classic&quot;}\">\n\t\t\t<div class=\"elementor-column-wrap  elementor-element-populated\">\n\t\t\t\t\t\t\t<div class=\"elementor-background-overlay\"><\/div>\n\t\t\t\t\t<div class=\"elementor-widget-wrap\">\n\t\t\t\t<section class=\"elementor-element elementor-element-488678af elementor-section-boxed elementor-section-height-default elementor-section-height-default elementor-section elementor-inner-section\" data-id=\"488678af\" data-element_type=\"section\">\n\t\t\t\t\t\t<div class=\"elementor-container elementor-column-gap-default\">\n\t\t\t\t<div class=\"elementor-row\">\n\t\t\t\t<div class=\"elementor-element elementor-element-2eb83aa9 elementor-column elementor-col-50 elementor-inner-column\" data-id=\"2eb83aa9\" data-element_type=\"column\">\n\t\t\t<div class=\"elementor-column-wrap  elementor-element-populated\">\n\t\t\t\t\t<div class=\"elementor-widget-wrap\">\n\t\t\t\t<div class=\"elementor-element elementor-element-5a25770a elementor-widget elementor-widget-elementskit-heading\" data-id=\"5a25770a\" data-element_type=\"widget\" data-widget_type=\"elementskit-heading.default\">\n\t\t\t\t<div class=\"elementor-widget-container\">\n\t\t\t<div class=\"ekit-wid-con\" ><div class=\"elementskit-section-title-wraper text_left   ekit_heading_tablet-   ekit_heading_mobile-\"><h2 class=\"elementskit-section-title \">\n\t\t\t\t\tFa\u00e7a agora a sua cota\u00e7\u00e3o e GARANTA SEU PATRIM\u00d4NIO\n\t\t\t\t<\/h2><\/div><\/div>\t\t<\/div>\n\t\t\t\t<\/div>\n\t\t\t\t\t\t<\/div>\n\t\t\t<\/div>\n\t\t<\/div>\n\t\t\t\t<div class=\"elementor-element elementor-element-17f59745 elementor-column elementor-col-50 elementor-inner-column\" data-id=\"17f59745\" data-element_type=\"column\">\n\t\t\t<div class=\"elementor-column-wrap  elementor-element-populated\">\n\t\t\t\t\t<div class=\"elementor-widget-wrap\">\n\t\t\t\t<div class=\"elementor-element elementor-element-527083f1 elementor-widget elementor-widget-elementskit-button\" data-id=\"527083f1\" data-element_type=\"widget\" data-widget_type=\"elementskit-button.default\">\n\t\t\t\t<div class=\"elementor-widget-container\">\n\t\t\t<div class=\"ekit-wid-con\" >\t\t<div class=\"ekit-btn-wraper\">\n\t\t\t\t\t\t\t<a href=\"https:\/\/api.whatsapp.com\/send?1=pt_BR&#038;phone=5544999770041\" target=\"_blank\" rel=\"nofollow\" class=\"elementskit-btn \" >\n\t\t\t\t\t\n\t\t\t\t\t<i aria-hidden=\"true\" class=\"icon icon-magnifying-glass-search\"><\/i>\n\t\t\t\t\tCOTE AQUI\t\t\t\t<\/a>\n\t\t\t\t\t\t<\/div>\n        <\/div>\t\t<\/div>\n\t\t\t\t<\/div>\n\t\t\t\t\t\t<\/div>\n\t\t\t<\/div>\n\t\t<\/div>\n\t\t\t\t\t\t<\/div>\n\t\t\t<\/div>\n\t\t<\/section>\n\t\t\t\t\t\t<\/div>\n\t\t\t<\/div>\n\t\t<\/div>\n\t\t\t\t\t\t<\/div>\n\t\t\t<\/div>\n\t\t<\/section>\n\t\t\t\t<section class=\"elementor-element elementor-element-c4ddcad elementor-section-content-middle elementor-section-boxed elementor-section-height-default elementor-section-height-default elementor-section elementor-top-section\" data-id=\"c4ddcad\" data-element_type=\"section\" data-settings=\"{&quot;background_background&quot;:&quot;classic&quot;}\">\n\t\t\t\t\t\t\t<div class=\"elementor-background-overlay\"><\/div>\n\t\t\t\t\t\t\t<div class=\"elementor-container elementor-column-gap-default\">\n\t\t\t\t<div class=\"elementor-row\">\n\t\t\t\t<div class=\"elementor-element elementor-element-81d9add elementor-column elementor-col-100 elementor-top-column\" data-id=\"81d9add\" data-element_type=\"column\">\n\t\t\t<div class=\"elementor-column-wrap  elementor-element-populated\">\n\t\t\t\t\t<div class=\"elementor-widget-wrap\">\n\t\t\t\t<div class=\"elementor-element elementor-element-af062e8 elementor-widget elementor-widget-heading\" data-id=\"af062e8\" data-element_type=\"widget\" data-widget_type=\"heading.default\">\n\t\t\t\t<div class=\"elementor-widget-container\">\n\t\t\t<h2 class=\"elementor-heading-title elementor-size-default\">EMBARCA\u00c7\u00c3O SEGURA DA MARINA AT\u00c9 A NAVEGA\u00c7\u00c3O<\/h2>\t\t<\/div>\n\t\t\t\t<\/div>\n\t\t\t\t<div class=\"elementor-element elementor-element-2d6d314 elementor-widget elementor-widget-text-editor\" data-id=\"2d6d314\" data-element_type=\"widget\" data-widget_type=\"text-editor.default\">\n\t\t\t\t<div class=\"elementor-widget-container\">\n\t\t\t\t\t<div class=\"elementor-text-editor elementor-clearfix\"><p>O seguro tem por objetivo garantir o pagamento de uma indeniza\u00e7\u00e3o ao Segurado ou Benefici\u00e1rio no caso de ocorr\u00eancia de risco previsto e coberto por este seguro na embarca\u00e7\u00e3o mencionada na Ap\u00f3lice at\u00e9 o valor especificado para cada cobertura e aplica-se \u00e0s embarca\u00e7\u00f5es que navegam por todos os mares, oceanos, lagos ou rios naveg\u00e1veis em territ\u00f3rio brasileiro, salvo autoriza\u00e7\u00e3o da Capitania dos Portos e se contratada a cobertura adicional para Garantia de Extens\u00e3o de Cobertura Al\u00e9m do Litoral Brasileiro.<br \/><br \/><\/p><p><strong>Coberturas B\u00e1sicas 1<\/strong><\/p><ul><li>Perda Total, inclusive roubo e furto total;<\/li><li>Assist\u00eancia e Salvamento;<\/li><li>Avaria Particular<\/li><li>Retirada e coloca\u00e7\u00e3o n\u2019agua;<\/li><li>Participa\u00e7\u00e3o em competi\u00e7\u00e3o de pesca.<br \/><br \/><\/li><\/ul><p><strong>Coberturas B\u00e1sicas 2<\/strong><\/p><ul><li>Perda Total;<\/li><li>Assist\u00eancia e Salvamento.<br \/><br \/><\/li><\/ul><p><strong>Coberturas Adicionais<\/strong><\/p><ul><li>Cobertura adicional para garantia de participa\u00e7\u00e3o em regatas;<\/li><li>Cobertura adicional para garantia de transporte terrestre;<\/li><li>Cobertura adicional para garantia de extens\u00e3o de cobertura al\u00e9m do litoral brasileiro;<\/li><li>Cobertura adicional para garantia de roubo ou furto qualificado de equipamentos e\/ou acess\u00f3rios;<\/li><li>Cobertura adicional para garantia de exclus\u00e3o da sub-roga\u00e7\u00e3o de direitos;<\/li><li>Cobertura adicional para prorroga\u00e7\u00e3o do prazo do seguro;<\/li><li>Cobertura adicional para arrendamento ou aluguel da embarca\u00e7\u00e3o;<\/li><li>Cobertura adicional para garantia de responsabilidade civil de propriet\u00e1rios de embarca\u00e7\u00e3o;<\/li><li>Cobertura adicional para despesas extraordin\u00e1rias;<\/li><li>Cobertura adicional para cl\u00e1usula de remo\u00e7\u00e3o de destro\u00e7os.<\/li><\/ul><\/div>\n\t\t\t\t<\/div>\n\t\t\t\t<\/div>\n\t\t\t\t\t\t<\/div>\n\t\t\t<\/div>\n\t\t<\/div>\n\t\t\t\t\t\t<\/div>\n\t\t\t<\/div>\n\t\t<\/section>\n\t\t\t\t<section class=\"elementor-element elementor-element-68adc57e elementor-section-boxed elementor-section-height-default elementor-section-height-default elementor-section elementor-top-section\" data-id=\"68adc57e\" data-element_type=\"section\" data-settings=\"{&quot;background_background&quot;:&quot;classic&quot;}\">\n\t\t\t\t\t\t<div class=\"elementor-container elementor-column-gap-default\">\n\t\t\t\t<div class=\"elementor-row\">\n\t\t\t\t<div class=\"elementor-element elementor-element-674ff23a elementor-column elementor-col-50 elementor-top-column\" data-id=\"674ff23a\" data-element_type=\"column\">\n\t\t\t<div class=\"elementor-column-wrap  elementor-element-populated\">\n\t\t\t\t\t<div class=\"elementor-widget-wrap\">\n\t\t\t\t<div class=\"elementor-element elementor-element-152eebb6 elementor-widget elementor-widget-instive-cf-form\" data-id=\"152eebb6\" data-element_type=\"widget\" data-widget_type=\"instive-cf-form.default\">\n\t\t\t\t<div class=\"elementor-widget-container\">\n\t\t\t  \n        \n\n       <div class=\"ts-form-wrap ts-tab ts-form-wrap-home\">\n            <!-- Nav tabs -->\n            <ul class=\"nav nav-tabs\" role=\"tablist\">\n                              \n                    <li class=\"nav-item\">\n                       <a class=\"nav-link active\" data-toggle=\"tab\" href=\"#3584be5\" role=\"tab\" aria-selected=\"true\">cota\u00e7\u00e3o<\/a>\n                    <\/li>\n\n                            <\/ul>\n           \n            <div class=\"tab-content\">    \n            <!-- Tab panes -->\n                              \n                     <div class=\"tab-pane active\" id=\"3584be5\" role=\"tabpanel\">\n                        <p>Deixe seus dados e receba nosso contato<\/p>\n                           \n<div class=\"wpcf7 no-js\" id=\"wpcf7-f4320-o1\" lang=\"en-US\" dir=\"ltr\">\n<div class=\"screen-reader-response\"><p role=\"status\" aria-live=\"polite\" aria-atomic=\"true\"><\/p> <ul><\/ul><\/div>\n<form action=\"\/index.php?rest_route=%2Fwp%2Fv2%2Fpages%2F5002#wpcf7-f4320-o1\" method=\"post\" class=\"wpcf7-form init\" aria-label=\"Contact form\" novalidate=\"novalidate\" data-status=\"init\">\n<div style=\"display: none;\">\n<input type=\"hidden\" name=\"_wpcf7\" value=\"4320\" \/>\n<input type=\"hidden\" name=\"_wpcf7_version\" value=\"5.9.8\" \/>\n<input type=\"hidden\" name=\"_wpcf7_locale\" value=\"en_US\" \/>\n<input type=\"hidden\" name=\"_wpcf7_unit_tag\" value=\"wpcf7-f4320-o1\" \/>\n<input type=\"hidden\" name=\"_wpcf7_container_post\" value=\"0\" \/>\n<input type=\"hidden\" name=\"_wpcf7_posted_data_hash\" value=\"\" \/>\n<\/div>\n<p><span class=\"wpcf7-form-control-wrap\" data-name=\"instivename\"><input size=\"40\" maxlength=\"400\" class=\"wpcf7-form-control wpcf7-text wpcf7-validates-as-required\" aria-required=\"true\" aria-invalid=\"false\" placeholder=\"Nome\" value=\"\" type=\"text\" name=\"instivename\" \/><\/span><br \/>\n<span class=\"wpcf7-form-control-wrap instivephone\" style=\" margin-top: -26px; \"><i aria-hidden=\"true\" class=\"fas fa-phone-alt\" style=\"position: relative;\/* top: 0; *\/left: 22px;\/* font-family: 'ts-font' !important; *\/bottom: -36px;\/* padding: 12px 0px; *\/font-size: 15px;margin-bottom: -6px;z-index: 1;color: #7f99bb;\"><\/i><br \/>\n<span class=\"wpcf7-form-control-wrap\" data-name=\"instivephone\"><input size=\"40\" maxlength=\"400\" class=\"wpcf7-form-control wpcf7-tel wpcf7-validates-as-required wpcf7-text wpcf7-validates-as-tel\" aria-required=\"true\" aria-invalid=\"false\" placeholder=\"fone\" value=\"\" type=\"tel\" name=\"instivephone\" \/><\/span><\/span><br \/>\n<span class=\"wpcf7-form-control-wrap\" data-name=\"instivemail\"><input size=\"40\" maxlength=\"400\" class=\"wpcf7-form-control wpcf7-email wpcf7-validates-as-required wpcf7-text wpcf7-validates-as-email\" aria-required=\"true\" aria-invalid=\"false\" placeholder=\"Email\" value=\"\" type=\"email\" name=\"instivemail\" \/><\/span><br \/>\n<input class=\"wpcf7-form-control wpcf7-submit has-spinner btn ts-form-submit\" type=\"submit\" value=\"Enviar\" \/>\n<\/p><div class=\"wpcf7-response-output\" aria-hidden=\"true\"><\/div>\n<\/form>\n<\/div>\n    \n                     <\/div>\n                     \n                           <\/div>\n            \n      \n            \n            <!-- extra  content -->\n        <\/div>\n    \t\t<\/div>\n\t\t\t\t<\/div>\n\t\t\t\t\t\t<\/div>\n\t\t\t<\/div>\n\t\t<\/div>\n\t\t\t\t<div class=\"elementor-element elementor-element-bdd4ee8 elementor-column elementor-col-50 elementor-top-column\" data-id=\"bdd4ee8\" data-element_type=\"column\">\n\t\t\t<div class=\"elementor-column-wrap  elementor-element-populated\">\n\t\t\t\t\t<div class=\"elementor-widget-wrap\">\n\t\t\t\t<div class=\"elementor-element elementor-element-06d3abc elementor-widget elementor-widget-image\" data-id=\"06d3abc\" data-element_type=\"widget\" data-widget_type=\"image.default\">\n\t\t\t\t<div class=\"elementor-widget-container\">\n\t\t\t\t\t<div class=\"elementor-image\">\n\t\t\t\t\t\t\t<figure class=\"wp-caption\">\n\t\t\t\t\t\t\t\t\t\t\t<a href=\"https:\/\/www.facebook.com\/CrifeCorretoraDeSeguros\/photos\/a.162506493931481\/925998210915635\" target=\"_blank\" rel=\"nofollow\">\n\t\t\t\t\t\t\t<img loading=\"lazy\" decoding=\"async\" width=\"800\" height=\"584\" src=\"https:\/\/crifecorretoradeseguros.com.br\/wp-content\/uploads\/2020\/10\/base-10.jpg\" class=\"attachment-full size-full\" alt=\"\" srcset=\"https:\/\/crifecorretoradeseguros.com.br\/wp-content\/uploads\/2020\/10\/base-10.jpg 800w, https:\/\/crifecorretoradeseguros.com.br\/wp-content\/uploads\/2020\/10\/base-10-300x219.jpg 300w, https:\/\/crifecorretoradeseguros.com.br\/wp-content\/uploads\/2020\/10\/base-10-768x561.jpg 768w\" sizes=\"(max-width: 800px) 100vw, 800px\" \/>\t\t\t\t\t\t\t\t<\/a>\n\t\t\t\t\t\t\t\t\t\t\t<figcaption class=\"widget-image-caption wp-caption-text\">Clique na imagem e saiba mais em nosso Facebook<\/figcaption>\n\t\t\t\t\t\t\t\t\t\t<\/figure>\n\t\t\t\t\t<\/div>\n\t\t\t\t<\/div>\n\t\t\t\t<\/div>\n\t\t\t\t\t\t<\/div>\n\t\t\t<\/div>\n\t\t<\/div>\n\t\t\t\t\t\t<\/div>\n\t\t\t<\/div>\n\t\t<\/section>\n\t\t\t\t<section class=\"elementor-element elementor-element-6518adb elementor-section-boxed elementor-section-height-default elementor-section-height-default elementor-section elementor-top-section\" data-id=\"6518adb\" data-element_type=\"section\">\n\t\t\t\t\t\t<div class=\"elementor-container elementor-column-gap-default\">\n\t\t\t\t<div class=\"elementor-row\">\n\t\t\t\t\t\t<\/div>\n\t\t\t<\/div>\n\t\t<\/section>\n\t\t\t\t\t\t<\/div>\n\t\t\t<\/div>\n\t\t<\/div>\n\t\t","protected":false},"excerpt":{"rendered":"<p>SeguroN\u00e1utico Sua embarca\u00e7\u00e3o protegida no mar, lagos, lagoas em todo o Brasil. Fa\u00e7a agora a sua cota\u00e7\u00e3o e GARANTA SEU PATRIM\u00d4NIO COTE AQUI EMBARCA\u00c7\u00c3O SEGURA DA MARINA AT\u00c9 A NAVEGA\u00c7\u00c3O O seguro tem por objetivo garantir o pagamento de uma indeniza\u00e7\u00e3o ao Segurado ou Benefici\u00e1rio no caso de ocorr\u00eancia de risco previsto e coberto por [&hellip;]<\/p>\n","protected":false},"author":1,"featured_media":0,"parent":0,"menu_order":0,"comment_status":"closed","ping_status":"closed","template":"template\/full-width-template.php","meta":{"_joinchat":[],"footnotes":""},"class_list":["post-5002","page","type-page","status-publish","hentry"],"_links":{"self":[{"href":"https:\/\/crifecorretoradeseguros.com.br\/index.php?rest_route=\/wp\/v2\/pages\/5002"}],"collection":[{"href":"https:\/\/crifecorretoradeseguros.com.br\/index.php?rest_route=\/wp\/v2\/pages"}],"about":[{"href":"https:\/\/crifecorretoradeseguros.com.br\/index.php?rest_route=\/wp\/v2\/types\/page"}],"author":[{"embeddable":true,"href":"https:\/\/crifecorretoradeseguros.com.br\/index.php?rest_route=\/wp\/v2\/users\/1"}],"replies":[{"embeddable":true,"href":"https:\/\/crifecorretoradeseguros.com.br\/index.php?rest_route=%2Fwp%2Fv2%2Fcomments&post=5002"}],"version-history":[{"count":9,"href":"https:\/\/crifecorretoradeseguros.com.br\/index.php?rest_route=\/wp\/v2\/pages\/5002\/revisions"}],"predecessor-version":[{"id":5591,"href":"https:\/\/crifecorretoradeseguros.com.br\/index.php?rest_route=\/wp\/v2\/pages\/5002\/revisions\/5591"}],"wp:attachment":[{"href":"https:\/\/crifecorretoradeseguros.com.br\/index.php?rest_route=%2Fwp%2Fv2%2Fmedia&parent=5002"}],"curies":[{"name":"wp","href":"https:\/\/api.w.org\/{rel}","templated":true}]}}