{"id":5025,"date":"2020-08-22T18:37:40","date_gmt":"2020-08-22T21:37:40","guid":{"rendered":"http:\/\/crifecorretoradeseguros.com.br\/?page_id=5025"},"modified":"2020-10-19T13:36:38","modified_gmt":"2020-10-19T16:36:38","slug":"transportes","status":"publish","type":"page","link":"https:\/\/crifecorretoradeseguros.com.br\/?page_id=5025","title":{"rendered":"TRANSPORTES"},"content":{"rendered":"\t\t<div data-elementor-type=\"wp-post\" data-elementor-id=\"5025\" class=\"elementor elementor-5025\" data-elementor-settings=\"[]\">\n\t\t\t<div class=\"elementor-inner\">\n\t\t\t\t<div class=\"elementor-section-wrap\">\n\t\t\t\t\t\t\t<section class=\"elementor-element elementor-element-176f348e elementor-section-content-middle mobile-left elementor-section-boxed elementor-section-height-default elementor-section-height-default elementor-section elementor-inner-section\" data-id=\"176f348e\" data-element_type=\"section\" data-settings=\"{&quot;background_background&quot;:&quot;classic&quot;}\">\n\t\t\t\t\t\t<div class=\"elementor-container elementor-column-gap-no\">\n\t\t\t\t<div class=\"elementor-row\">\n\t\t\t\t<div class=\"elementor-element elementor-element-6fa1c527 elementor-column elementor-col-50 elementor-inner-column\" data-id=\"6fa1c527\" data-element_type=\"column\">\n\t\t\t<div class=\"elementor-column-wrap  elementor-element-populated\">\n\t\t\t\t\t<div class=\"elementor-widget-wrap\">\n\t\t\t\t<div class=\"elementor-element elementor-element-7e2e98a5 elementor-widget elementor-widget-elementskit-heading\" data-id=\"7e2e98a5\" data-element_type=\"widget\" data-widget_type=\"elementskit-heading.default\">\n\t\t\t\t<div class=\"elementor-widget-container\">\n\t\t\t<div class=\"ekit-wid-con\" ><div class=\"elementskit-section-title-wraper text_right   ekit_heading_tablet-   ekit_heading_mobile-\"><h2 class=\"elementskit-section-title \">\n\t\t\t\t\tSEGURO DE<BR>TRANSPORTES\n\t\t\t\t<\/h2><div class=\"ekit_heading_separetor_wraper ekit_heading_elementskit-border-divider elementskit-style-long\"><div class=\"elementskit-border-divider elementskit-style-long\"><\/div><\/div><\/div><\/div>\t\t<\/div>\n\t\t\t\t<\/div>\n\t\t\t\t\t\t<\/div>\n\t\t\t<\/div>\n\t\t<\/div>\n\t\t\t\t<div class=\"elementor-element elementor-element-1ac7888d elementor-column elementor-col-50 elementor-inner-column\" data-id=\"1ac7888d\" data-element_type=\"column\">\n\t\t\t<div class=\"elementor-column-wrap  elementor-element-populated\">\n\t\t\t\t\t<div class=\"elementor-widget-wrap\">\n\t\t\t\t<div class=\"elementor-element elementor-element-70b1e85b elementor-widget elementor-widget-elementskit-heading\" data-id=\"70b1e85b\" data-element_type=\"widget\" data-widget_type=\"elementskit-heading.default\">\n\t\t\t\t<div class=\"elementor-widget-container\">\n\t\t\t<div class=\"ekit-wid-con\" ><div class=\"elementskit-section-title-wraper text_left   ekit_heading_tablet-   ekit_heading_mobile-\"><p>Na terra, na \u00e1gua ou no c\u00e9u, dentro e fora do Brasil, as melhores op\u00e7\u00f5es de seguros para suas cargas\u00a0<\/p>\n<\/div><\/div>\t\t<\/div>\n\t\t\t\t<\/div>\n\t\t\t\t\t\t<\/div>\n\t\t\t<\/div>\n\t\t<\/div>\n\t\t\t\t\t\t<\/div>\n\t\t\t<\/div>\n\t\t<\/section>\n\t\t\t\t<section class=\"elementor-element elementor-element-6e89a0e6 elementor-section-boxed elementor-section-height-default elementor-section-height-default elementor-section elementor-top-section\" data-id=\"6e89a0e6\" data-element_type=\"section\">\n\t\t\t\t\t\t<div class=\"elementor-container elementor-column-gap-default\">\n\t\t\t\t<div class=\"elementor-row\">\n\t\t\t\t<div class=\"elementor-element elementor-element-28da1256 elementor-column elementor-col-100 elementor-top-column\" data-id=\"28da1256\" data-element_type=\"column\">\n\t\t\t<div class=\"elementor-column-wrap  elementor-element-populated\">\n\t\t\t\t\t<div class=\"elementor-widget-wrap\">\n\t\t\t\t<div class=\"elementor-element elementor-element-1b5fd005 elementor-widget elementor-widget-image\" data-id=\"1b5fd005\" data-element_type=\"widget\" data-widget_type=\"image.default\">\n\t\t\t\t<div class=\"elementor-widget-container\">\n\t\t\t\t\t<div class=\"elementor-image\">\n\t\t\t\t\t\t\t\t\t\t<img loading=\"lazy\" decoding=\"async\" width=\"1110\" height=\"411\" src=\"https:\/\/crifecorretoradeseguros.com.br\/wp-content\/uploads\/2020\/08\/TRANSPORTE-1.jpg\" class=\"attachment-full size-full\" alt=\"\" srcset=\"https:\/\/crifecorretoradeseguros.com.br\/wp-content\/uploads\/2020\/08\/TRANSPORTE-1.jpg 1110w, https:\/\/crifecorretoradeseguros.com.br\/wp-content\/uploads\/2020\/08\/TRANSPORTE-1-300x111.jpg 300w, https:\/\/crifecorretoradeseguros.com.br\/wp-content\/uploads\/2020\/08\/TRANSPORTE-1-1024x379.jpg 1024w, https:\/\/crifecorretoradeseguros.com.br\/wp-content\/uploads\/2020\/08\/TRANSPORTE-1-768x284.jpg 768w\" sizes=\"(max-width: 1110px) 100vw, 1110px\" \/>\t\t\t\t\t\t\t\t\t\t\t<\/div>\n\t\t\t\t<\/div>\n\t\t\t\t<\/div>\n\t\t\t\t\t\t<\/div>\n\t\t\t<\/div>\n\t\t<\/div>\n\t\t\t\t\t\t<\/div>\n\t\t\t<\/div>\n\t\t<\/section>\n\t\t\t\t<section class=\"elementor-element elementor-element-32fb1eda cta elementor-section-boxed elementor-section-height-default elementor-section-height-default elementor-section elementor-top-section\" data-id=\"32fb1eda\" data-element_type=\"section\">\n\t\t\t\t\t\t<div class=\"elementor-container elementor-column-gap-default\">\n\t\t\t\t<div class=\"elementor-row\">\n\t\t\t\t<div class=\"elementor-element elementor-element-54e6ed5c elementor-column elementor-col-100 elementor-top-column\" data-id=\"54e6ed5c\" data-element_type=\"column\" data-settings=\"{&quot;background_background&quot;:&quot;classic&quot;}\">\n\t\t\t<div class=\"elementor-column-wrap  elementor-element-populated\">\n\t\t\t\t\t\t\t<div class=\"elementor-background-overlay\"><\/div>\n\t\t\t\t\t<div class=\"elementor-widget-wrap\">\n\t\t\t\t<section class=\"elementor-element elementor-element-488678af elementor-section-boxed elementor-section-height-default elementor-section-height-default elementor-section elementor-inner-section\" data-id=\"488678af\" data-element_type=\"section\">\n\t\t\t\t\t\t<div class=\"elementor-container elementor-column-gap-default\">\n\t\t\t\t<div class=\"elementor-row\">\n\t\t\t\t<div class=\"elementor-element elementor-element-2eb83aa9 elementor-column elementor-col-50 elementor-inner-column\" data-id=\"2eb83aa9\" data-element_type=\"column\">\n\t\t\t<div class=\"elementor-column-wrap  elementor-element-populated\">\n\t\t\t\t\t<div class=\"elementor-widget-wrap\">\n\t\t\t\t<div class=\"elementor-element elementor-element-5a25770a elementor-widget elementor-widget-elementskit-heading\" data-id=\"5a25770a\" data-element_type=\"widget\" data-widget_type=\"elementskit-heading.default\">\n\t\t\t\t<div class=\"elementor-widget-container\">\n\t\t\t<div class=\"ekit-wid-con\" ><div class=\"elementskit-section-title-wraper    ekit_heading_tablet-   ekit_heading_mobile-\"><h2 class=\"elementskit-section-title \">\n\t\t\t\t\tFa\u00e7a agora a sua cota\u00e7\u00e3o e DESCUBRA AS VANTAGENS\n\t\t\t\t<\/h2><\/div><\/div>\t\t<\/div>\n\t\t\t\t<\/div>\n\t\t\t\t\t\t<\/div>\n\t\t\t<\/div>\n\t\t<\/div>\n\t\t\t\t<div class=\"elementor-element elementor-element-17f59745 elementor-column elementor-col-50 elementor-inner-column\" data-id=\"17f59745\" data-element_type=\"column\">\n\t\t\t<div class=\"elementor-column-wrap  elementor-element-populated\">\n\t\t\t\t\t<div class=\"elementor-widget-wrap\">\n\t\t\t\t<div class=\"elementor-element elementor-element-527083f1 elementor-widget elementor-widget-elementskit-button\" data-id=\"527083f1\" data-element_type=\"widget\" data-widget_type=\"elementskit-button.default\">\n\t\t\t\t<div class=\"elementor-widget-container\">\n\t\t\t<div class=\"ekit-wid-con\" >\t\t<div class=\"ekit-btn-wraper\">\n\t\t\t\t\t\t\t<a href=\"https:\/\/crife.aggilizador.com.br\/auto\" target=\"_blank\" rel=\"nofollow\" class=\"elementskit-btn \" >\n\t\t\t\t\t\n\t\t\t\t\t<i aria-hidden=\"true\" class=\"icon icon-magnifying-glass-search\"><\/i>\n\t\t\t\t\tCOTE AQUI\t\t\t\t<\/a>\n\t\t\t\t\t\t<\/div>\n        <\/div>\t\t<\/div>\n\t\t\t\t<\/div>\n\t\t\t\t\t\t<\/div>\n\t\t\t<\/div>\n\t\t<\/div>\n\t\t\t\t\t\t<\/div>\n\t\t\t<\/div>\n\t\t<\/section>\n\t\t\t\t\t\t<\/div>\n\t\t\t<\/div>\n\t\t<\/div>\n\t\t\t\t\t\t<\/div>\n\t\t\t<\/div>\n\t\t<\/section>\n\t\t\t\t<section class=\"elementor-element elementor-element-c4ddcad elementor-section-content-middle elementor-section-boxed elementor-section-height-default elementor-section-height-default elementor-section elementor-top-section\" data-id=\"c4ddcad\" data-element_type=\"section\" data-settings=\"{&quot;background_background&quot;:&quot;classic&quot;}\">\n\t\t\t\t\t\t\t<div class=\"elementor-background-overlay\"><\/div>\n\t\t\t\t\t\t\t<div class=\"elementor-container elementor-column-gap-default\">\n\t\t\t\t<div class=\"elementor-row\">\n\t\t\t\t<div class=\"elementor-element elementor-element-81d9add elementor-column elementor-col-100 elementor-top-column\" data-id=\"81d9add\" data-element_type=\"column\">\n\t\t\t<div class=\"elementor-column-wrap  elementor-element-populated\">\n\t\t\t\t\t<div class=\"elementor-widget-wrap\">\n\t\t\t\t<div class=\"elementor-element elementor-element-af062e8 elementor-widget elementor-widget-heading\" data-id=\"af062e8\" data-element_type=\"widget\" data-widget_type=\"heading.default\">\n\t\t\t\t<div class=\"elementor-widget-container\">\n\t\t\t<h2 class=\"elementor-heading-title elementor-size-default\">SUA CARGA SEGURA EM QUALQUER MODAL E QUALQUER LUGAR<\/h2>\t\t<\/div>\n\t\t\t\t<\/div>\n\t\t\t\t<div class=\"elementor-element elementor-element-2d6d314 elementor-widget elementor-widget-text-editor\" data-id=\"2d6d314\" data-element_type=\"widget\" data-widget_type=\"text-editor.default\">\n\t\t\t\t<div class=\"elementor-widget-container\">\n\t\t\t\t\t<div class=\"elementor-text-editor elementor-clearfix\"><p>Basicamente, esse seguro cobre danos e preju\u00edzos causados \u00e0 carga transportada por vias a\u00e9rea, terrestre (rodovi\u00e1ria e ferrovi\u00e1ria) e sobre a \u00e1gua (lagoas, mar e rios).<\/p><p><strong>As ap\u00f3lices s\u00e3o contratadas para dois tipos distintos de seguro de transportes:<\/strong><\/p><ul><li>Nacional;<\/li><li>Internacional.<\/li><\/ul><p>\u00a0<\/p><p><strong>Transporte nacional<\/strong><\/p><p>A contrata\u00e7\u00e3o do seguro da carga a ser transportada no territ\u00f3rio nacional pode ser feita em ap\u00f3lices avulsas \u2013 uma para cada viagem \u2013 ou por ap\u00f3lice \u201caberta\u201d. Esta \u00faltima \u00e9 utilizada quando s\u00e3o v\u00e1rias viagens, que s\u00e3o comunicadas uma a uma, por averba\u00e7\u00e3o \u00e0 ap\u00f3lice. O dono da mercadoria pode transport\u00e1-la em frota pr\u00f3pria, contratar uma empresa transportadora ou um transportador aut\u00f4nomo.<\/p><p>\u00a0Esse tipo de seguro cobre, ainda, roubo das mercadorias transportadas por a\u00e7\u00e3o de assalto \u00e0 m\u00e3o armada ou desaparecimento da carga (quando o ve\u00edculo tamb\u00e9m \u00e9 roubado). A cobertura contra roubo, no entanto, precisa ser contratada adicionalmente.\u00a0\u00a0<\/p><p><em>Transporte internacional<\/em><\/p><p>\u00c9 a modalidade utilizada para as opera\u00e7\u00f5es de com\u00e9rcio exterior. O contrato deve ser feito de acordo com o risco da viagem e a condi\u00e7\u00e3o de venda e\/ou compra envolvida na negocia\u00e7\u00e3o. A C\u00e2mara do Com\u00e9rcio Internacional \u2013 CCI, com sede em Paris, interpretou e consolidou as diversas formas utilizadas no com\u00e9rcio internacional com rela\u00e7\u00e3o \u00e0 distribui\u00e7\u00e3o das responsabilidades entre comprador e vendedor.<\/p><p>A contrata\u00e7\u00e3o \u00e9 baseada nos chamados Incoterms (International Commercial Terms \u2013 Termos Internacionais de Com\u00e9rcio), que definem, dentro da estrutura de um contrato de compra e venda internacional, os direitos e as obriga\u00e7\u00f5es rec\u00edprocos do exportador e do importador. \u00c9 um instrumento que estabelece um conjunto padr\u00e3o de defini\u00e7\u00f5es, define regras e pr\u00e1ticas neutras, como o local onde o exportador deve entregar a mercadoria, quem paga o frete, quem \u00e9 o respons\u00e1vel pela contrata\u00e7\u00e3o do seguro, etc. Os Incoterms prop\u00f5em formas de entendimento entre vendedor e comprador, em rela\u00e7\u00e3o \u00e0s tarefas necess\u00e1rias para o deslocamento da mercadoria do local onde \u00e9 produzida at\u00e9 o local de destino, nomeado por \u201czona de consumo\u201d. Entre os termos acordados, est\u00e3o: embalagem, transportes internos, licen\u00e7as de exporta\u00e7\u00e3o e importa\u00e7\u00e3o, movimenta\u00e7\u00e3o em terminais, transporte e seguro internacionais, etc. A responsabilidade pelo seguro ser\u00e1 definida de acordo com o tipo de contrato de compra e venda firmada.<\/p><p>Nessa categoria existem seguros obrigat\u00f3rios e outros facultativos. Os compuls\u00f3rios s\u00e3o os seguintes:<\/p><ul><li>RCTR-C: Seguro de Responsabilidade Civil do Transportador Rodovi\u00e1rio de Carga:<\/li><li>RCTA-C: Responsabilidade Civil do Transportador A\u00e9reo de Cargas<\/li><li>RCTR-VI: Seguro Responsabilidade Civil do Transportador em Viagem Internacional<\/li><li>RCF-DC: Responsabilidade Civil Facultativa do Transportador Rodovi\u00e1rio por desaparecimento de Carga.<\/li><\/ul><p>Existem outras garantias que podem ser contratadas.<\/p><\/div>\n\t\t\t\t<\/div>\n\t\t\t\t<\/div>\n\t\t\t\t\t\t<\/div>\n\t\t\t<\/div>\n\t\t<\/div>\n\t\t\t\t\t\t<\/div>\n\t\t\t<\/div>\n\t\t<\/section>\n\t\t\t\t<section class=\"elementor-element elementor-element-68adc57e elementor-section-boxed elementor-section-height-default elementor-section-height-default elementor-section elementor-top-section\" data-id=\"68adc57e\" data-element_type=\"section\" data-settings=\"{&quot;background_background&quot;:&quot;classic&quot;}\">\n\t\t\t\t\t\t<div class=\"elementor-container elementor-column-gap-default\">\n\t\t\t\t<div class=\"elementor-row\">\n\t\t\t\t<div class=\"elementor-element elementor-element-674ff23a elementor-column elementor-col-50 elementor-top-column\" data-id=\"674ff23a\" data-element_type=\"column\">\n\t\t\t<div class=\"elementor-column-wrap  elementor-element-populated\">\n\t\t\t\t\t<div class=\"elementor-widget-wrap\">\n\t\t\t\t<div class=\"elementor-element elementor-element-152eebb6 elementor-widget elementor-widget-instive-cf-form\" data-id=\"152eebb6\" data-element_type=\"widget\" data-widget_type=\"instive-cf-form.default\">\n\t\t\t\t<div class=\"elementor-widget-container\">\n\t\t\t  \n        \n\n       <div class=\"ts-form-wrap ts-tab ts-form-wrap-home\">\n            <!-- Nav tabs -->\n            <ul class=\"nav nav-tabs\" role=\"tablist\">\n                              \n                    <li class=\"nav-item\">\n                       <a class=\"nav-link active\" data-toggle=\"tab\" href=\"#3584be5\" role=\"tab\" aria-selected=\"true\">cota\u00e7\u00e3o<\/a>\n                    <\/li>\n\n                            <\/ul>\n           \n            <div class=\"tab-content\">    \n            <!-- Tab panes -->\n                              \n                     <div class=\"tab-pane active\" id=\"3584be5\" role=\"tabpanel\">\n                        <p>Deixe seus dados e receba nosso contato<\/p>\n                           \n<div class=\"wpcf7 no-js\" id=\"wpcf7-f4320-o1\" lang=\"en-US\" dir=\"ltr\">\n<div class=\"screen-reader-response\"><p role=\"status\" aria-live=\"polite\" aria-atomic=\"true\"><\/p> <ul><\/ul><\/div>\n<form action=\"\/index.php?rest_route=%2Fwp%2Fv2%2Fpages%2F5025#wpcf7-f4320-o1\" method=\"post\" class=\"wpcf7-form init\" aria-label=\"Contact form\" novalidate=\"novalidate\" data-status=\"init\">\n<div style=\"display: none;\">\n<input type=\"hidden\" name=\"_wpcf7\" value=\"4320\" \/>\n<input type=\"hidden\" name=\"_wpcf7_version\" value=\"5.9.8\" \/>\n<input type=\"hidden\" name=\"_wpcf7_locale\" value=\"en_US\" \/>\n<input type=\"hidden\" name=\"_wpcf7_unit_tag\" value=\"wpcf7-f4320-o1\" \/>\n<input type=\"hidden\" name=\"_wpcf7_container_post\" value=\"0\" \/>\n<input type=\"hidden\" name=\"_wpcf7_posted_data_hash\" value=\"\" \/>\n<\/div>\n<p><span class=\"wpcf7-form-control-wrap\" data-name=\"instivename\"><input size=\"40\" maxlength=\"400\" class=\"wpcf7-form-control wpcf7-text wpcf7-validates-as-required\" aria-required=\"true\" aria-invalid=\"false\" placeholder=\"Nome\" value=\"\" type=\"text\" name=\"instivename\" \/><\/span><br \/>\n<span class=\"wpcf7-form-control-wrap instivephone\" style=\" margin-top: -26px; \"><i aria-hidden=\"true\" class=\"fas fa-phone-alt\" style=\"position: relative;\/* top: 0; *\/left: 22px;\/* font-family: 'ts-font' !important; *\/bottom: -36px;\/* padding: 12px 0px; *\/font-size: 15px;margin-bottom: -6px;z-index: 1;color: #7f99bb;\"><\/i><br \/>\n<span class=\"wpcf7-form-control-wrap\" data-name=\"instivephone\"><input size=\"40\" maxlength=\"400\" class=\"wpcf7-form-control wpcf7-tel wpcf7-validates-as-required wpcf7-text wpcf7-validates-as-tel\" aria-required=\"true\" aria-invalid=\"false\" placeholder=\"fone\" value=\"\" type=\"tel\" name=\"instivephone\" \/><\/span><\/span><br \/>\n<span class=\"wpcf7-form-control-wrap\" data-name=\"instivemail\"><input size=\"40\" maxlength=\"400\" class=\"wpcf7-form-control wpcf7-email wpcf7-validates-as-required wpcf7-text wpcf7-validates-as-email\" aria-required=\"true\" aria-invalid=\"false\" placeholder=\"Email\" value=\"\" type=\"email\" name=\"instivemail\" \/><\/span><br \/>\n<input class=\"wpcf7-form-control wpcf7-submit has-spinner btn ts-form-submit\" type=\"submit\" value=\"Enviar\" \/>\n<\/p><div class=\"wpcf7-response-output\" aria-hidden=\"true\"><\/div>\n<\/form>\n<\/div>\n    \n                     <\/div>\n                     \n                           <\/div>\n            \n      \n            \n            <!-- extra  content -->\n        <\/div>\n    \t\t<\/div>\n\t\t\t\t<\/div>\n\t\t\t\t\t\t<\/div>\n\t\t\t<\/div>\n\t\t<\/div>\n\t\t\t\t<div class=\"elementor-element elementor-element-bdd4ee8 elementor-column elementor-col-50 elementor-top-column\" data-id=\"bdd4ee8\" data-element_type=\"column\">\n\t\t\t<div class=\"elementor-column-wrap  elementor-element-populated\">\n\t\t\t\t\t<div class=\"elementor-widget-wrap\">\n\t\t\t\t<div class=\"elementor-element elementor-element-06d3abc elementor-widget elementor-widget-image\" data-id=\"06d3abc\" data-element_type=\"widget\" data-widget_type=\"image.default\">\n\t\t\t\t<div class=\"elementor-widget-container\">\n\t\t\t\t\t<div class=\"elementor-image\">\n\t\t\t\t\t\t\t<figure class=\"wp-caption\">\n\t\t\t\t\t\t\t\t\t\t\t<a href=\"https:\/\/www.facebook.com\/CrifeCorretoraDeSeguros\/photos\/a.162506493931481\/1477737125741738\" target=\"_blank\" rel=\"nofollow\">\n\t\t\t\t\t\t\t<img loading=\"lazy\" decoding=\"async\" width=\"800\" height=\"584\" src=\"https:\/\/crifecorretoradeseguros.com.br\/wp-content\/uploads\/2020\/10\/base-11.jpg\" class=\"attachment-full size-full\" alt=\"\" srcset=\"https:\/\/crifecorretoradeseguros.com.br\/wp-content\/uploads\/2020\/10\/base-11.jpg 800w, https:\/\/crifecorretoradeseguros.com.br\/wp-content\/uploads\/2020\/10\/base-11-300x219.jpg 300w, https:\/\/crifecorretoradeseguros.com.br\/wp-content\/uploads\/2020\/10\/base-11-768x561.jpg 768w\" sizes=\"(max-width: 800px) 100vw, 800px\" \/>\t\t\t\t\t\t\t\t<\/a>\n\t\t\t\t\t\t\t\t\t\t\t<figcaption class=\"widget-image-caption wp-caption-text\">Clique na imagem e saiba mais em nosso Facebook<\/figcaption>\n\t\t\t\t\t\t\t\t\t\t<\/figure>\n\t\t\t\t\t<\/div>\n\t\t\t\t<\/div>\n\t\t\t\t<\/div>\n\t\t\t\t\t\t<\/div>\n\t\t\t<\/div>\n\t\t<\/div>\n\t\t\t\t\t\t<\/div>\n\t\t\t<\/div>\n\t\t<\/section>\n\t\t\t\t<section class=\"elementor-element elementor-element-6518adb elementor-section-boxed elementor-section-height-default elementor-section-height-default elementor-section elementor-top-section\" data-id=\"6518adb\" data-element_type=\"section\">\n\t\t\t\t\t\t<div class=\"elementor-container elementor-column-gap-default\">\n\t\t\t\t<div class=\"elementor-row\">\n\t\t\t\t\t\t<\/div>\n\t\t\t<\/div>\n\t\t<\/section>\n\t\t\t\t\t\t<\/div>\n\t\t\t<\/div>\n\t\t<\/div>\n\t\t","protected":false},"excerpt":{"rendered":"<p>SEGURO DETRANSPORTES Na terra, na \u00e1gua ou no c\u00e9u, dentro e fora do Brasil, as melhores op\u00e7\u00f5es de seguros para suas cargas\u00a0 Fa\u00e7a agora a sua cota\u00e7\u00e3o e DESCUBRA AS VANTAGENS COTE AQUI SUA CARGA SEGURA EM QUALQUER MODAL E QUALQUER LUGAR Basicamente, esse seguro cobre danos e preju\u00edzos causados \u00e0 carga transportada por vias [&hellip;]<\/p>\n","protected":false},"author":1,"featured_media":0,"parent":0,"menu_order":0,"comment_status":"closed","ping_status":"closed","template":"template\/full-width-template.php","meta":{"_joinchat":[],"footnotes":""},"class_list":["post-5025","page","type-page","status-publish","hentry"],"_links":{"self":[{"href":"https:\/\/crifecorretoradeseguros.com.br\/index.php?rest_route=\/wp\/v2\/pages\/5025"}],"collection":[{"href":"https:\/\/crifecorretoradeseguros.com.br\/index.php?rest_route=\/wp\/v2\/pages"}],"about":[{"href":"https:\/\/crifecorretoradeseguros.com.br\/index.php?rest_route=\/wp\/v2\/types\/page"}],"author":[{"embeddable":true,"href":"https:\/\/crifecorretoradeseguros.com.br\/index.php?rest_route=\/wp\/v2\/users\/1"}],"replies":[{"embeddable":true,"href":"https:\/\/crifecorretoradeseguros.com.br\/index.php?rest_route=%2Fwp%2Fv2%2Fcomments&post=5025"}],"version-history":[{"count":10,"href":"https:\/\/crifecorretoradeseguros.com.br\/index.php?rest_route=\/wp\/v2\/pages\/5025\/revisions"}],"predecessor-version":[{"id":5475,"href":"https:\/\/crifecorretoradeseguros.com.br\/index.php?rest_route=\/wp\/v2\/pages\/5025\/revisions\/5475"}],"wp:attachment":[{"href":"https:\/\/crifecorretoradeseguros.com.br\/index.php?rest_route=%2Fwp%2Fv2%2Fmedia&parent=5025"}],"curies":[{"name":"wp","href":"https:\/\/api.w.org\/{rel}","templated":true}]}}